{"id":1751,"date":"2022-04-27T11:19:10","date_gmt":"2022-04-27T11:19:10","guid":{"rendered":"https:\/\/sgh-finance.com\/?page_id=1751"},"modified":"2023-09-13T15:33:46","modified_gmt":"2023-09-13T15:33:46","slug":"supply-chain-finance-factsheet","status":"publish","type":"page","link":"https:\/\/sgh-finance.com\/en\/supply-chain-finance-factsheet","title":{"rendered":"Supply Chain Finance Factsheet"},"content":{"rendered":"<p>[vc_row gap=&#8221;35&#8243; equal_height=&#8221;yes&#8221; content_placement=&#8221;middle&#8221; css=&#8221;.vc_custom_1587498996609{padding-top: 30px !important;padding-bottom: 50px !important;}&#8221;][vc_column width=&#8221;1\/2&#8243; el_class=&#8221;Custom_sidebar&#8221;][apress_heading sub_title=&#8221;Kostenfreies Working Capital Factsheet&#8221; delimiter_line_height=&#8221;2&#8243; delimiter_line_width=&#8221;30&#8243; color_scheme=&#8221;color_scheme1&#8243; style=&#8221;heading_style14&#8243; title_font_options=&#8221;tag:h2|font_size:36|line_height:50|letter_spacing:1&#8243; subtitle_font_options=&#8221;tag:div|font_size:20|color:%232cbe9a|line_height:30|letter_spacing:2&#8243; heading_margin=&#8221;margin-top:10|margin-bottom:20&#8243; delimiter_line_color=&#8221;#2cbe9a&#8221;]<strong>Supply Chain Finance\u00a0 &amp; Dynamic Discounting<\/strong>[\/apress_heading][vc_column_text]Gesch\u00e4ftsf\u00fchrer und CFOs solventer Betriebe suchen st\u00e4ndig nach neuen Wegen zur Optimierung des Working Capital und wissen:<br \/>\nErst automatisierte und digitalisierte Prozesse erm\u00f6glichen Unternehmen einen Gesamt\u00fcberblick \u00fcber das Potenzial ihrer Supply Chain Finance.<\/p>\n<p>Erfahren Sie in unserem <strong>kostenfreien Factsheet <\/strong>die<strong> neusten Trends<\/strong>, wie Sie Potenziale der Supply Chain Finance aussch\u00f6pfen und schlummernde Liquidit\u00e4t aktivieren![\/vc_column_text][\/vc_column][vc_column width=&#8221;1\/2&#8243; el_class=&#8221;Custom-sidebar&#8221;][apress_expanding_image image=&#8221;1765&#8243; img_size=&#8221;full&#8221; max_width=&#8221;100%&#8221; animation_type=&#8221;clipping&#8221; clipping_animation_type=&#8221;clipping_right_to_left&#8221; clipping_color=&#8221;#2cbe9a&#8221; data_delay=&#8221;500&#8243;][\/vc_column][\/vc_row][vc_row gap=&#8221;35&#8243; equal_height=&#8221;yes&#8221; content_placement=&#8221;middle&#8221; css=&#8221;.vc_custom_1587498996609{padding-top: 30px !important;padding-bottom: 50px !important;}&#8221;][vc_column el_class=&#8221;Custom-sidebar&#8221;][vc_column_text]Nach Eingabe Ihrer Kontaktdaten erhalten Sie das Factsheet als<strong>\u00a0kostenfreien Download:<\/strong><\/p>\n<div class=\"frm_forms  with_frm_style frm_style_formidable-style\" id=\"frm_form_1_container\" >\n<form enctype=\"multipart\/form-data\" method=\"post\" class=\"frm-show-form \" id=\"form_contact-form\" >\n<div class=\"frm_form_fields \">\n<fieldset>\n<legend class=\"frm_screen_reader\"><\/legend>\r\n\r\n<div class=\"frm_fields_container\">\n<input type=\"hidden\" name=\"frm_action\" value=\"create\" \/>\n<input type=\"hidden\" name=\"form_id\" value=\"1\" \/>\n<input type=\"hidden\" name=\"frm_hide_fields_1\" id=\"frm_hide_fields_1\" value=\"\" \/>\n<input type=\"hidden\" name=\"form_key\" value=\"contact-form\" \/>\n<input type=\"hidden\" name=\"item_meta[0]\" value=\"\" \/>\n<input type=\"hidden\" id=\"frm_submit_entry_1\" name=\"frm_submit_entry_1\" value=\"b403319106\" \/><input type=\"hidden\" name=\"_wp_http_referer\" value=\"\/en\/wp-json\/wp\/v2\/pages\/1751\" \/><div id=\"frm_field_1_container\" class=\"frm_form_field form-field  frm_required_field frm_top_container frm_first frm_half\">\r\n    <label for=\"field_qh4icy\" id=\"field_qh4icy_label\" class=\"frm_primary_label\">Name\r\n        <span class=\"frm_required\" aria-hidden=\"true\">*<\/span>\r\n    <\/label>\r\n    <input type=\"text\" id=\"field_qh4icy\" name=\"item_meta[1]\" value=\"\"  data-reqmsg=\"Dieses Feld darf nicht leer sein.\" aria-required=\"true\" data-invmsg=\"Name ist ung\u00fcltig\" aria-invalid=\"false\"   aria-describedby=\"frm_desc_field_qh4icy\"\/>\r\n    <div class=\"frm_description\" id=\"frm_desc_field_qh4icy\">First<\/div>\r\n    \r\n<\/div>\n<div id=\"frm_field_2_container\" class=\"frm_form_field form-field  frm_required_field frm_hidden_container frm_half\">\r\n    <label for=\"field_ocfup1\" id=\"field_ocfup1_label\" class=\"frm_primary_label\">Last\r\n        <span class=\"frm_required\" aria-hidden=\"true\">*<\/span>\r\n    <\/label>\r\n    <input type=\"text\" id=\"field_ocfup1\" name=\"item_meta[2]\" value=\"\"  data-reqmsg=\"Dieses Feld darf nicht leer sein.\" aria-required=\"true\" data-invmsg=\"Last ist ung\u00fcltig\" aria-invalid=\"false\"   aria-describedby=\"frm_desc_field_ocfup1\"\/>\r\n    <div class=\"frm_description\" id=\"frm_desc_field_ocfup1\">Last<\/div>\r\n    \r\n<\/div>\n<div id=\"frm_field_3_container\" class=\"frm_form_field form-field  frm_required_field frm_top_container frm12 frm_first\">\r\n    <label for=\"field_29yf4d\" id=\"field_29yf4d_label\" class=\"frm_primary_label\">Email\r\n        <span class=\"frm_required\" aria-hidden=\"true\">*<\/span>\r\n    <\/label>\r\n    <input type=\"email\" id=\"field_29yf4d\" name=\"item_meta[3]\" value=\"\"  data-reqmsg=\"Dieses Feld darf nicht leer sein.\" aria-required=\"true\" data-invmsg=\"Please enter a valid email address\" aria-invalid=\"false\"  \/>\r\n    \r\n    \r\n<\/div>\n<div id=\"frm_field_37_container\" class=\"frm_form_field form-field \">\n\t<div class=\"frm_submit\">\r\n\r\n<button class=\"frm_button_submit\" type=\"submit\"  >Senden<\/button>\r\n\r\n<\/div>\n<\/div>\n\t<input type=\"hidden\" name=\"item_key\" value=\"\" \/>\n\t\t\t<div id=\"frm_field_38_container\">\n\t\t\t<label for=\"field_ewri2\" >\n\t\t\t\tIf you are human, leave this field blank.\t\t\t<\/label>\n\t\t\t<input  id=\"field_ewri2\" type=\"text\" class=\"frm_form_field form-field frm_verify\" name=\"item_meta[38]\" value=\"\"  \/>\n\t\t<\/div>\n\t\t<input name=\"frm_state\" type=\"hidden\" value=\"m8TOcvfnWhvK6tTeWCWCzgGx0WLV94E\/J2uYOpuc08g=\" \/><\/div>\n<\/fieldset>\n<\/div>\n\n<\/form>\n<\/div>\n\n<p>*Ich erkl\u00e4re mich mit der <a href=\"https:\/\/sgh-finance.com\/datenschutz\">Datenschutzrichtlinie<\/a> einverstanden[\/vc_column_text][\/vc_column][\/vc_row][vc_row full_width=&#8221;stretch_row&#8221; gap=&#8221;35&#8243; content_placement=&#8221;top&#8221; disable_element=&#8221;yes&#8221; css=&#8221;.vc_custom_1651060369409{padding-bottom: 50px !important;background-color: #f7f7f7 !important;}&#8221;][vc_column el_class=&#8221;Custom_sidebar&#8221;][apress_heading sub_title=&#8221;&#8221; delimiter_line_height=&#8221;2&#8243; delimiter_line_width=&#8221;30&#8243; color_scheme=&#8221;color_scheme1&#8243; style=&#8221;heading_style1&#8243; title_font_options=&#8221;tag:p|font_size:36|line_height:50|letter_spacing:1&#8243; subtitle_font_options=&#8221;tag:div|font_size:20|color:%232cbe9a|line_height:30|letter_spacing:2|font_style_bold:1&#8243; delimiter_line_color=&#8221;#2cbe9a&#8221; heading_margin=&#8221;margin-top:10|margin-bottom:20&#8243; title_responsive=&#8221;font_size_mobile:32|line_height_mobile:45|letter_spacing_mobile:1&#8243;]<span style=\"color: #2cbe9a;\"><strong>Wie es funktioniert<\/strong><\/span>[\/apress_heading][apress_image_slider images=&#8221;1109,1111&#8243; img_size=&#8221;full&#8221; slick_autoplay=&#8221;yes&#8221; slick_autoplay_duration=&#8221;2000&#8243; arrows_bg=&#8221;#2cbe9a&#8221; style=&#8221;slider_style5&#8243; arrows_style=&#8221;arrows_style2&#8243; bullet_navigation_style=&#8221;dots_style1&#8243;]<div class=\"apress-spacer spacer-69f1eb3f09bc9\" data-id=\"69f1eb3f09bc9\" data-height=\"20\" data-height-mobile=\"20\" data-height-tab=\"20\" data-height-tab-portrait=\"\" data-height-mobile-landscape=\"\" style=\"clear:both;display:block;\"><\/div>[vc_column_text]<\/p>\n<p style=\"text-align: center;\">Durch flexible Schnittstellen, eine unkomplizierte Integration in bestehende Systeme und Prozesse sowie unseren umfassenden Service gew\u00e4hrleisten wir eine einfache und schnelle Implementierung.<\/p>\n<p>[\/vc_column_text][vc_column_text]<\/p>\n<div id=\"kaeufer\"><\/div>\n<p>[\/vc_column_text][\/vc_column][\/vc_row][vc_row full_width=&#8221;stretch_row&#8221; disable_element=&#8221;yes&#8221; css=&#8221;.vc_custom_1651144010114{padding-top: 100px !important;padding-bottom: 100px !important;background-color: #f7f7f7 !important;}&#8221;][vc_column][apress_heading sub_title=&#8221;Wie es funktioniert&#8221; delimiter_line_height=&#8221;2&#8243; delimiter_line_width=&#8221;30&#8243; color_scheme=&#8221;color_scheme1&#8243; style=&#8221;heading_style13&#8243; title_font_options=&#8221;tag:h3|font_size:36|line_height:50|letter_spacing:1&#8243; subtitle_font_options=&#8221;tag:div|font_size:20|color:%232cbe9a|line_height:30|letter_spacing:2|font_style_bold:1&#8243; delimiter_line_color=&#8221;#2cbe9a&#8221; heading_margin=&#8221;margin-top:10|margin-bottom:20&#8243; title_responsive=&#8221;font_size_mobile:32|line_height_mobile:45|letter_spacing_mobile:1&#8243;]<strong>Sie w\u00e4hlen Ihre Verzinsung und bestimmen das Liquidit\u00e4tsvolumen. Unsere Plattform erledigt den Rest f\u00fcr Sie!<\/strong>[\/apress_heading]<div class=\"apress-spacer spacer-69f1eb3f09c18\" data-id=\"69f1eb3f09c18\" data-height=\"50\" data-height-mobile=\"50\" data-height-tab=\"50\" data-height-tab-portrait=\"\" data-height-mobile-landscape=\"\" style=\"clear:both;display:block;\"><\/div>[apress_process_wrapper process_item_per_row=&#8221;five&#8221; conector_enable=&#8221;yes&#8221; conector_color=&#8221;#dddddd&#8221;][apress_process title=&#8221;Schritt 1&#8243; process_step=&#8221;&#8221; box_shadow=&#8221;box_shadow_enable:enable|shadow_horizontal:0|shadow_vertical:5|shadow_blur:14|shadow_spread:0|box_shadow_color:rgba(0%2C0%2C0%2C0.06)&#8221; data_animation=&#8221;fadeInLeft&#8221; icon_family=&#8221;linea&#8221; icon_linea=&#8221;icon-basic-elaboration-briefcase-check&#8221; style=&#8221;process_style1&#8243; title_font_options=&#8221;tag:p|font_size:20|line_height:30|font_style_bold:1&#8243; step_font_options=&#8221;tag:h1|font_size:100|color:%23f1f1f1&#8243; content_font_options=&#8221;tag:div&#8221; icon_size=&#8221;36&#8243;]Sie steuern den Upload Ihrer gepr\u00fcften Rechnungen auf die Plattform.[\/apress_process][apress_process title=&#8221;Schritt 2&#8243; process_step=&#8221;&#8221; box_shadow=&#8221;box_shadow_enable:enable|shadow_horizontal:0|shadow_vertical:5|shadow_blur:14|shadow_spread:0|box_shadow_color:rgba(0%2C0%2C0%2C0.06)&#8221; data_animation=&#8221;fadeInLeft&#8221; data_delay=&#8221;700&#8243; icon_family=&#8221;linea&#8221; icon_linea=&#8221;icon-music-bell&#8221; style=&#8221;process_style1&#8243; title_font_options=&#8221;tag:p|font_size:20|line_height:30|font_style_bold:1&#8243; step_font_options=&#8221;tag:h1|font_size:100|color:%23f1f1f1&#8243; content_font_options=&#8221;tag:div&#8221; icon_size=&#8221;36&#8243;]Sie laden Ihre Lieferanten zu Ihrem Angebot ein und erhalten Gebote.[\/apress_process][apress_process title=&#8221;Schritt 3&#8243; process_step=&#8221;&#8221; box_shadow=&#8221;box_shadow_enable:enable|shadow_horizontal:0|shadow_vertical:5|shadow_blur:14|shadow_spread:0|box_shadow_color:rgba(0%2C0%2C0%2C0.06)&#8221; data_animation=&#8221;fadeInLeft&#8221; data_delay=&#8221;700&#8243; icon_family=&#8221;linea&#8221; icon_linea=&#8221;icon-ecommerce-graph-increase&#8221; style=&#8221;process_style1&#8243; title_font_options=&#8221;tag:p|font_size:20|line_height:30|font_style_bold:1&#8243; step_font_options=&#8221;tag:h1|font_size:100|color:%23f1f1f1&#8243; content_font_options=&#8221;tag:div&#8221; icon_size=&#8221;36&#8243;]Die Plattform matcht die Gebote mit Ihrem Angebot und erzielt f\u00fcr Sie das beste Ergebnis.[\/apress_process][apress_process title=&#8221;Schritt 4&#8243; process_step=&#8221;&#8221; box_shadow=&#8221;box_shadow_enable:enable|shadow_horizontal:0|shadow_vertical:5|shadow_blur:14|shadow_spread:0|box_shadow_color:rgba(0%2C0%2C0%2C0.06)&#8221; data_animation=&#8221;fadeInLeft&#8221; data_delay=&#8221;700&#8243; icon_family=&#8221;linea&#8221; icon_linea=&#8221;icon-arrows-rotate-anti&#8221; style=&#8221;process_style1&#8243; title_font_options=&#8221;tag:p|font_size:20|line_height:30|font_style_bold:1&#8243; step_font_options=&#8221;tag:h1|font_size:100|color:%23f1f1f1&#8243; content_font_options=&#8221;tag:div&#8221; icon_size=&#8221;36&#8243;]Nach Abschluss Ihres Angebots versorgen wir Ihr ERP System mit den notwendigen Informationen.[\/apress_process][apress_process title=&#8221;Schritt 5&#8243; process_step=&#8221;&#8221; box_shadow=&#8221;box_shadow_enable:enable|shadow_horizontal:0|shadow_vertical:5|shadow_blur:14|shadow_spread:0|box_shadow_color:rgba(0%2C0%2C0%2C0.06)&#8221; data_animation=&#8221;fadeInLeft&#8221; data_delay=&#8221;700&#8243; icon_family=&#8221;linea&#8221; icon_linea=&#8221;icon-ecommerce-receipt-euro&#8221; style=&#8221;process_style1&#8243; title_font_options=&#8221;tag:p|font_size:20|line_height:30|font_style_bold:1&#8243; step_font_options=&#8221;tag:h1|font_size:100|color:%23f1f1f1&#8243; content_font_options=&#8221;tag:div&#8221; icon_size=&#8221;36&#8243;]Sie zahlen Ihre Lieferanten weiterhin direkt, nur fr\u00fcher und mit einem geringeren Betrag.[\/apress_process][\/apress_process_wrapper][\/vc_column][\/vc_row][vc_row full_width=&#8221;stretch_row&#8221; disable_element=&#8221;yes&#8221; add_extended=&#8221;&#8221; css=&#8221;.vc_custom_1651144064582{padding-top: 100px !important;padding-bottom: 50px !important;background-color: #3b3678 !important;}&#8221;][vc_column][apress_heading sub_title=&#8221;The future of financial supply chain&#8221; content_alignment=&#8221;left&#8221; delimiter_line_height=&#8221;2&#8243; delimiter_line_width=&#8221;30&#8243; delimiter_margin=&#8221;margin-top:10|margin-bottom:15&#8243; color_scheme=&#8221;design_your_own&#8221; main_heading_color=&#8221;#ffffff&#8221; title_google_fonts=&#8221;yes&#8221; style=&#8221;heading_style13&#8243; delimiter_line_color=&#8221;#2cbe9a&#8221; title_font_options=&#8221;tag:h2|font_size:36|line_height:46|letter_spacing:2&#8243; subtitle_font_options=&#8221;tag:div|font_size:20|color:%23ffffff|line_height:30|letter_spacing:2|font_style_bold:1&#8243; heading_margin=&#8221;margin-top:20|margin-bottom:30&#8243; title_custom_fonts=&#8221;font_family:Open%20Sans%3A300%2C300italic%2Cregular%2Citalic%2C600%2C600italic%2C700%2C700italic%2C800%2C800italic|font_style:300%20light%20regular%3A300%3Anormal&#8221;][\/apress_heading][apress_heading sub_title=&#8221;&#8221; sub_title_bg_color=&#8221;&#8221; content_alignment=&#8221;left&#8221; color_scheme=&#8221;design_your_own&#8221; main_heading_color=&#8221;#ffffff&#8221; style=&#8221;heading_style12&#8243; title_font_options=&#8221;tag:h5|font_size:60|line_height:90|letter_spacing:4&#8243; subtitle_font_options=&#8221;tag:div|font_size:20|color:%23ffffff|line_height:30|letter_spacing:2|font_style_bold:1&#8243; heading_margin=&#8221;margin-top:20|margin-bottom:30&#8243; title_responsive=&#8221;font_size_mobile:40|line_height_mobile:60|letter_spacing_mobile:4&#8243;]<strong><span class=\"green-text\">CASHFLOW OPTIMIEREN<\/span> &amp; MARGE STEIGERN \u2013 RISIKOFREI ERTR\u00c4GE GENERIEREN<\/strong>[\/apress_heading]<div class=\"apress-spacer spacer-69f1eb3f09c3a\" data-id=\"69f1eb3f09c3a\" data-height=\"50\" data-height-mobile=\"50\" data-height-tab=\"50\" data-height-tab-portrait=\"\" data-height-mobile-landscape=\"\" style=\"clear:both;display:block;\"><\/div>[\/vc_column][\/vc_row]<\/p>\n","protected":false},"excerpt":{"rendered":"<p>[vc_row gap=&#8221;35&#8243; equal_height=&#8221;yes&#8221; content_placement=&#8221;middle&#8221; css=&#8221;.vc_custom_1587498996609{padding-top: 30px !important;padding-bottom: 50px !important;}&#8221;][vc_column width=&#8221;1\/2&#8243; el_class=&#8221;Custom_sidebar&#8221;][apress_heading sub_title=&#8221;Kostenfreies Working Capital Factsheet&#8221; delimiter_line_height=&#8221;2&#8243; delimiter_line_width=&#8221;30&#8243; color_scheme=&#8221;color_scheme1&#8243; style=&#8221;heading_style14&#8243; title_font_options=&#8221;tag:h2|font_size:36|line_height:50|letter_spacing:1&#8243; subtitle_font_options=&#8221;tag:div|font_size:20|color:%232cbe9a|line_height:30|letter_spacing:2&#8243; heading_margin=&#8221;margin-top:10|margin-bottom:20&#8243; delimiter_line_color=&#8221;#2cbe9a&#8221;]Supply Chain Finance\u00a0 &amp; Dynamic Discounting[\/apress_heading][vc_column_text]Gesch\u00e4ftsf\u00fchrer und CFOs solventer Betriebe suchen st\u00e4ndig nach neuen Wegen zur Optimierung des<span class=\"read_more_area\"><a class=\"read-more\" href=\"https:\/\/sgh-finance.com\/en\/supply-chain-finance-factsheet\"> Continue Reading <\/a><\/span><\/p>\n","protected":false},"author":23,"featured_media":0,"parent":0,"menu_order":0,"comment_status":"closed","ping_status":"closed","template":"","meta":{"footnotes":""},"class_list":["post-1751","page","type-page","status-publish","hentry"],"yoast_head":"<!-- This site is optimized with the Yoast SEO plugin v27.5 - https:\/\/yoast.com\/product\/yoast-seo-wordpress\/ -->\n<title>Supply Chain Finance Factsheet - SGH Finance<\/title>\n<meta name=\"description\" content=\"Jetzt kostenfreies Factsheet herunterladen. Potenziale der Supply Chain Finance aussch\u00f6pfen und schlummernde Liquidit\u00e4t aktivieren!\" \/>\n<meta name=\"robots\" content=\"index, follow, max-snippet:-1, max-image-preview:large, max-video-preview:-1\" \/>\n<link rel=\"canonical\" href=\"https:\/\/sgh-finance.com\/en\/supply-chain-finance-factsheet\" \/>\n<meta property=\"og:locale\" content=\"en_US\" \/>\n<meta property=\"og:type\" content=\"article\" \/>\n<meta property=\"og:title\" content=\"Supply Chain Finance Factsheet - SGH Finance\" \/>\n<meta property=\"og:description\" content=\"Jetzt kostenfreies Factsheet herunterladen. Potenziale der Supply Chain Finance aussch\u00f6pfen und schlummernde Liquidit\u00e4t aktivieren!\" \/>\n<meta property=\"og:url\" content=\"https:\/\/sgh-finance.com\/en\/supply-chain-finance-factsheet\" \/>\n<meta property=\"og:site_name\" content=\"SGH\" \/>\n<meta property=\"article:modified_time\" content=\"2023-09-13T15:33:46+00:00\" \/>\n<meta name=\"twitter:card\" content=\"summary_large_image\" \/>\n<meta name=\"twitter:label1\" content=\"Est. reading time\" \/>\n\t<meta name=\"twitter:data1\" content=\"3 minutes\" \/>\n<script type=\"application\/ld+json\" class=\"yoast-schema-graph\">{\"@context\":\"https:\\\/\\\/schema.org\",\"@graph\":[{\"@type\":\"WebPage\",\"@id\":\"https:\\\/\\\/sgh-finance.com\\\/en\\\/supply-chain-finance-factsheet\",\"url\":\"https:\\\/\\\/sgh-finance.com\\\/en\\\/supply-chain-finance-factsheet\",\"name\":\"Supply Chain Finance Factsheet - SGH Finance\",\"isPartOf\":{\"@id\":\"https:\\\/\\\/sgh-finance.com\\\/en#website\"},\"datePublished\":\"2022-04-27T11:19:10+00:00\",\"dateModified\":\"2023-09-13T15:33:46+00:00\",\"description\":\"Jetzt kostenfreies Factsheet herunterladen. Potenziale der Supply Chain Finance aussch\u00f6pfen und schlummernde Liquidit\u00e4t aktivieren!\",\"breadcrumb\":{\"@id\":\"https:\\\/\\\/sgh-finance.com\\\/en\\\/supply-chain-finance-factsheet#breadcrumb\"},\"inLanguage\":\"en-US\",\"potentialAction\":[{\"@type\":\"ReadAction\",\"target\":[\"https:\\\/\\\/sgh-finance.com\\\/en\\\/supply-chain-finance-factsheet\"]}]},{\"@type\":\"BreadcrumbList\",\"@id\":\"https:\\\/\\\/sgh-finance.com\\\/en\\\/supply-chain-finance-factsheet#breadcrumb\",\"itemListElement\":[{\"@type\":\"ListItem\",\"position\":1,\"name\":\"Home\",\"item\":\"https:\\\/\\\/sgh-finance.com\\\/en\"},{\"@type\":\"ListItem\",\"position\":2,\"name\":\"Supply Chain Finance Factsheet\"}]},{\"@type\":\"WebSite\",\"@id\":\"https:\\\/\\\/sgh-finance.com\\\/en#website\",\"url\":\"https:\\\/\\\/sgh-finance.com\\\/en\",\"name\":\"SGH\",\"description\":\"Wir sind Experten f\u00fcr die Financial Supply Chain \u2013 Working Capital- und Zentralregulierungsl\u00f6sungen\",\"publisher\":{\"@id\":\"https:\\\/\\\/sgh-finance.com\\\/en#organization\"},\"potentialAction\":[{\"@type\":\"SearchAction\",\"target\":{\"@type\":\"EntryPoint\",\"urlTemplate\":\"https:\\\/\\\/sgh-finance.com\\\/en?s={search_term_string}\"},\"query-input\":{\"@type\":\"PropertyValueSpecification\",\"valueRequired\":true,\"valueName\":\"search_term_string\"}}],\"inLanguage\":\"en-US\"},{\"@type\":\"Organization\",\"@id\":\"https:\\\/\\\/sgh-finance.com\\\/en#organization\",\"name\":\"SGH\",\"url\":\"https:\\\/\\\/sgh-finance.com\\\/en\",\"logo\":{\"@type\":\"ImageObject\",\"inLanguage\":\"en-US\",\"@id\":\"https:\\\/\\\/sgh-finance.com\\\/en#\\\/schema\\\/logo\\\/image\\\/\",\"url\":\"https:\\\/\\\/sgh-finance.com\\\/wp-content\\\/uploads\\\/2024\\\/12\\\/svg-dark-1.svg\",\"contentUrl\":\"https:\\\/\\\/sgh-finance.com\\\/wp-content\\\/uploads\\\/2024\\\/12\\\/svg-dark-1.svg\",\"width\":1,\"height\":1,\"caption\":\"SGH\"},\"image\":{\"@id\":\"https:\\\/\\\/sgh-finance.com\\\/en#\\\/schema\\\/logo\\\/image\\\/\"},\"sameAs\":[\"https:\\\/\\\/www.instagram.com\\\/lifeatsgh\\\/\",\"https:\\\/\\\/www.linkedin.com\\\/company\\\/sgh-finance-gmbh\\\/\"]}]}<\/script>\n<!-- \/ Yoast SEO plugin. -->","yoast_head_json":{"title":"Supply Chain Finance Factsheet - SGH Finance","description":"Jetzt kostenfreies Factsheet herunterladen. Potenziale der Supply Chain Finance aussch\u00f6pfen und schlummernde Liquidit\u00e4t aktivieren!","robots":{"index":"index","follow":"follow","max-snippet":"max-snippet:-1","max-image-preview":"max-image-preview:large","max-video-preview":"max-video-preview:-1"},"canonical":"https:\/\/sgh-finance.com\/en\/supply-chain-finance-factsheet","og_locale":"en_US","og_type":"article","og_title":"Supply Chain Finance Factsheet - SGH Finance","og_description":"Jetzt kostenfreies Factsheet herunterladen. Potenziale der Supply Chain Finance aussch\u00f6pfen und schlummernde Liquidit\u00e4t aktivieren!","og_url":"https:\/\/sgh-finance.com\/en\/supply-chain-finance-factsheet","og_site_name":"SGH","article_modified_time":"2023-09-13T15:33:46+00:00","twitter_card":"summary_large_image","twitter_misc":{"Est. reading time":"3 minutes"},"schema":{"@context":"https:\/\/schema.org","@graph":[{"@type":"WebPage","@id":"https:\/\/sgh-finance.com\/en\/supply-chain-finance-factsheet","url":"https:\/\/sgh-finance.com\/en\/supply-chain-finance-factsheet","name":"Supply Chain Finance Factsheet - SGH Finance","isPartOf":{"@id":"https:\/\/sgh-finance.com\/en#website"},"datePublished":"2022-04-27T11:19:10+00:00","dateModified":"2023-09-13T15:33:46+00:00","description":"Jetzt kostenfreies Factsheet herunterladen. Potenziale der Supply Chain Finance aussch\u00f6pfen und schlummernde Liquidit\u00e4t aktivieren!","breadcrumb":{"@id":"https:\/\/sgh-finance.com\/en\/supply-chain-finance-factsheet#breadcrumb"},"inLanguage":"en-US","potentialAction":[{"@type":"ReadAction","target":["https:\/\/sgh-finance.com\/en\/supply-chain-finance-factsheet"]}]},{"@type":"BreadcrumbList","@id":"https:\/\/sgh-finance.com\/en\/supply-chain-finance-factsheet#breadcrumb","itemListElement":[{"@type":"ListItem","position":1,"name":"Home","item":"https:\/\/sgh-finance.com\/en"},{"@type":"ListItem","position":2,"name":"Supply Chain Finance Factsheet"}]},{"@type":"WebSite","@id":"https:\/\/sgh-finance.com\/en#website","url":"https:\/\/sgh-finance.com\/en","name":"SGH","description":"Wir sind Experten f\u00fcr die Financial Supply Chain \u2013 Working Capital- und Zentralregulierungsl\u00f6sungen","publisher":{"@id":"https:\/\/sgh-finance.com\/en#organization"},"potentialAction":[{"@type":"SearchAction","target":{"@type":"EntryPoint","urlTemplate":"https:\/\/sgh-finance.com\/en?s={search_term_string}"},"query-input":{"@type":"PropertyValueSpecification","valueRequired":true,"valueName":"search_term_string"}}],"inLanguage":"en-US"},{"@type":"Organization","@id":"https:\/\/sgh-finance.com\/en#organization","name":"SGH","url":"https:\/\/sgh-finance.com\/en","logo":{"@type":"ImageObject","inLanguage":"en-US","@id":"https:\/\/sgh-finance.com\/en#\/schema\/logo\/image\/","url":"https:\/\/sgh-finance.com\/wp-content\/uploads\/2024\/12\/svg-dark-1.svg","contentUrl":"https:\/\/sgh-finance.com\/wp-content\/uploads\/2024\/12\/svg-dark-1.svg","width":1,"height":1,"caption":"SGH"},"image":{"@id":"https:\/\/sgh-finance.com\/en#\/schema\/logo\/image\/"},"sameAs":["https:\/\/www.instagram.com\/lifeatsgh\/","https:\/\/www.linkedin.com\/company\/sgh-finance-gmbh\/"]}]}},"_links":{"self":[{"href":"https:\/\/sgh-finance.com\/en\/wp-json\/wp\/v2\/pages\/1751","targetHints":{"allow":["GET"]}}],"collection":[{"href":"https:\/\/sgh-finance.com\/en\/wp-json\/wp\/v2\/pages"}],"about":[{"href":"https:\/\/sgh-finance.com\/en\/wp-json\/wp\/v2\/types\/page"}],"author":[{"embeddable":true,"href":"https:\/\/sgh-finance.com\/en\/wp-json\/wp\/v2\/users\/23"}],"replies":[{"embeddable":true,"href":"https:\/\/sgh-finance.com\/en\/wp-json\/wp\/v2\/comments?post=1751"}],"version-history":[{"count":18,"href":"https:\/\/sgh-finance.com\/en\/wp-json\/wp\/v2\/pages\/1751\/revisions"}],"predecessor-version":[{"id":2306,"href":"https:\/\/sgh-finance.com\/en\/wp-json\/wp\/v2\/pages\/1751\/revisions\/2306"}],"wp:attachment":[{"href":"https:\/\/sgh-finance.com\/en\/wp-json\/wp\/v2\/media?parent=1751"}],"curies":[{"name":"wp","href":"https:\/\/api.w.org\/{rel}","templated":true}]}}